{"id":5670,"date":"2025-12-05T11:00:54","date_gmt":"2025-12-05T11:00:54","guid":{"rendered":"https:\/\/www.esraitalia.it\/?page_id=5670"},"modified":"2025-12-05T11:12:54","modified_gmt":"2025-12-05T11:12:54","slug":"benvenuti","status":"publish","type":"page","link":"https:\/\/www.esraitalia.it\/index.php\/benvenuti\/","title":{"rendered":"Benvenuti"},"content":{"rendered":"<div class=\"wpb-content-wrapper\"><p>[vc_row type=&#8221;vc_default&#8221; margin_top=&#8221;-50&#8243; margin_bottom=&#8221;40&#8243; anchor=&#8221;about&#8221; css=&#8221;.vc_custom_1764933172417{padding-top: 20px !important;padding-bottom: 70px !important;}&#8221;][vc_column width=&#8221;2\/3&#8243; offset=&#8221;vc_col-lg-7 vc_col-md-6 vc_col-xs-12&#8243; css=&#8221;.vc_custom_1671016646600{margin-top: 30px !important;padding-bottom: 20px !important;}&#8221;]<div id=\"ultimate-heading-984069e604246dd27\" class=\"uvc-heading ult-adjust-bottom-margin ultimate-heading-984069e604246dd27 uvc-9311 accent-title-color color-title\" data-hspacer=\"no_spacer\"  data-halign=\"left\" style=\"text-align:left\"><div class=\"uvc-heading-spacer no_spacer\" style=\"top\"><\/div><div class=\"uvc-main-heading ult-responsive\"  data-ultimate-target='.uvc-heading.ultimate-heading-984069e604246dd27 h2'  data-responsive-json-new='{\"font-size\":\"desktop:22px;\",\"line-height\":\"desktop:32px;\"}' ><h2 style=\"font-weight:bold;margin-bottom:10px;\">Lettera del Presidente<\/h2><\/div><div class=\"uvc-sub-heading ult-responsive\"  data-ultimate-target='.uvc-heading.ultimate-heading-984069e604246dd27 .uvc-sub-heading '  data-responsive-json-new='{\"font-size\":\"desktop:16px;\",\"line-height\":\"desktop:20px;\"}'  style=\"font-family:&#039;Roboto Condensed&#039;;font-weight:normal;margin-bottom:20px;\">Gentili colleghi e amici,<br \/>\n\u00e8 un grande onore e un privilegio iniziare il mio mandato Presidente del Capitolo Italiano di ESRA per il triennio 2025-2027.<br \/>\nQuesto ruolo comporta non solo una grande responsabilit\u00e0 ma anche un\u2019opportunit\u00e0 straordinaria per guidare la nostra societ\u00e0 verso nuove prospettive di crescita, innovazione e collaborazione. ESRA Italia \u00e8 una comunit\u00e0 viva, dinamica e fondamentale nel panorama medico-scientifico italiano; tuttavia, il nostro potenziale pu\u00f2 crescere ulteriormente grazie a una visione ambiziosa e a un impegno condiviso. Come prima cosa, desidero esprimere profonda gratitudine ai miei predecessori, in particolare ai Presidenti passati che con il loro impegno e la loro passione hanno contribuito a rendere la nostra Societ\u00e0 un chiaro punto di riferimento in ambito anestesiologico. Permettetemi ora di delineare alcune delle priorit\u00e0 che guideranno il nostro percorso nei prossimi anni.<\/p>\n<p><\/div><\/div>[\/vc_column][vc_column width=&#8221;1\/3&#8243; offset=&#8221;vc_col-lg-offset-0 vc_col-lg-5 vc_col-md-offset-0 vc_col-md-6 vc_col-sm-offset-2 vc_col-xs-12&#8243; css=&#8221;.vc_custom_1458851220355{padding-top: 20px !important;padding-bottom: 30px !important;}&#8221;][vc_single_image image=&#8221;4814&#8243; img_size=&#8221;&#8221; alignment=&#8221;center&#8221; css=&#8221;&#8221;][\/vc_column][\/vc_row][vc_row][vc_column]<div class=\"standard-arrow list-divider bullet-top\"><ul>\n<li><strong>La centralit\u00e0 del paziente<\/strong><br \/>\nIl nostro obiettivo principale \u00e8 e sar\u00e0 sempre il benessere del paziente. Anestesia locoregionale \u00e8 sinonimo di tecniche efficaci e sicure che consentono di migliorare la qualit\u00e0 delle cure, ridurre il dolore e promuovere un recupero pi\u00f9 rapido. Il nostro compito dovr\u00e0 essere quello di sviluppare e diffondere queste metodiche, mettendo al centro il valore umano e clinico della nostra professione.<\/li>\n<li><strong>Ampliamento della societ\u00e0 <\/strong><br \/>\nIl primo impegno concreto sar\u00e0 quello di ampliare la nostra base associativa, coinvolgendo nuovi professionisti, in particolare i giovani anestesisti che rappresentano il futuro della nostra disciplina. Dovremo lavorare per diffondere la conoscenza dell\u2019anestesia locoregionale illustrandone i vantaggi clinici, tecnologici ed economici delle sue applicazioni. Attraverso campagne informative, eventi dedicati e un maggiore utilizzo delle piattaforme digitali, si potr\u00e0 avvicinare un numero sempre maggiore di professionisti alla realt\u00e0 dell\u2019anestesia locoregionale.<\/li>\n<li><strong>Valorizzazione della ricerca scientifica<\/strong><br \/>\nLa scienza \u00e8 il cuore pulsante della nostra professione. Come societ\u00e0 scientifica continueremo a investire nella ricerca, promuovendo studi di alto livello e favorendo la pubblicazione di risultati innovativi. In questo modo, ESRA potr\u00e0 consolidare il suo ruolo chiave nell\u2019ambito dell\u2019anestesia locoregionale e della terapia del dolore.<\/li>\n<li><strong>Formazione continua <\/strong><br \/>\nIl nostro successo collettivo si basa sulla conoscenza. \u00c8 indispensabile promuovere programmi di formazione continua per i nostri membri, offrendo opportunit\u00e0 di apprendimento avanzate quali congressi, workshop, webinar. In questa prospettiva \u00e8 di vitale importanza la collaborazione con universit\u00e0, ospedali e istituti di ricerca per sviluppare e perfezionare nuove tecniche di anestesia locoregionale e terapia del dolore. Come societ\u00e0 scientifica, dobbiamo contribuire a creare un ecosistema che favorisca queste sinergie.<\/li>\n<li><strong>Collaborazione con altre societ\u00e0 mediche<\/strong><br \/>\nLa medicina moderna richiede un approccio integrato e collaborativo. \u00c8 fondamentale rafforzare o stringere rapporti con altre societ\u00e0 scientifiche, sia italiane che straniere, per condividere esperienze, conoscenze e progetti comuni. Attraverso alleanze Strategiche, si potranno affrontare sfide pi\u00f9 complesse e raggiungere l\u2019eccellenza nella formazione, nella pratica clinica e nella ricerca.<\/li>\n<li><strong>Sostenibilit\u00e0 e inclusivit\u00e0 <\/strong><br \/>\nLa medicina moderna deve essere sostenibile e accessibile. Come anestesisti abbiamo l\u2019obbligo di considerare l\u2019impatto delle nostre pratiche sull\u2019ambiente e di lavorare per garantire l\u2019equit\u00e0 nell\u2019accesso alle cure senza alcuna discriminazione. Particolare attenzione, infine, dovr\u00e0 essere rivolta a tutte quelle applicazioni dell\u2019Intelligenza Artificiale che potranno essere di valido supporto nell\u2019impegno clinico quotidiano. In conclusione, accetto questo incarico con umilt\u00e0 e determinazione, consapevole delle sfide che ci attendono ma anche delle enormi opportunit\u00e0 che ci si pongono davanti. Lavorer\u00f2 con dedizione per rappresentare al meglio i valori della nostra societ\u00e0 e per rendere ESRA sempre pi\u00f9 forte e unita, nella consapevolezza di essere supportato da amici e colleghi validi sia dal punto di vista umano che professionale. Grazie a tutti per la fiducia accordatami.<\/li>\n<\/ul>\n<p><em>Fabrizio Fattorini <\/em><\/p>\n<\/div><div class=\"btn-align-center\"><a href=\"https:\/\/www.esraitalia.it\/wp-content\/uploads\/2025\/01\/Lettera-presidente.pdf\" class=\"default-btn-shortcode dt-btn dt-btn-m link-hover-off \" target=\"_blank\" id=\"default-btn-0dbb09baab80b2db34ba43d3dbbc4e62\" rel=\"noopener\"><span>Scarica il PDF<\/span><\/a><\/div>[vc_separator css=&#8221;.vc_custom_1764932970027{margin-top: 40px !important;margin-bottom: 40px !important;}&#8221;][\/vc_column][\/vc_row][vc_row][vc_column]<div id=\"ultimate-heading-959569e604246ded0\" class=\"uvc-heading ult-adjust-bottom-margin ultimate-heading-959569e604246ded0 uvc-5745 accent-title-color color-title\" data-hspacer=\"no_spacer\"  data-halign=\"center\" style=\"text-align:center\"><div class=\"uvc-heading-spacer no_spacer\" style=\"top\"><\/div><div class=\"uvc-main-heading ult-responsive\"  data-ultimate-target='.uvc-heading.ultimate-heading-959569e604246ded0 h2'  data-responsive-json-new='{\"font-size\":\"desktop:22px;\",\"line-height\":\"desktop:32px;\"}' ><h2 style=\"font-weight:bold;margin-bottom:10px;\">Comunicazione - Partnership ESRA-ITACTA<\/h2><\/div><\/div><div class=\"btn-align-center\"><a href=\"http:\/\/www.esraitalia.it\/wp-content\/uploads\/2022\/10\/Partnership-ESRA-ITACTA-2.pdf\" class=\"default-btn-shortcode dt-btn dt-btn-m link-hover-off \" target=\"_blank\" id=\"default-btn-438f5b6c784bf664ed6e50865e4a5bb6\" rel=\"noopener\"><span>Partnership ESRA-ITACTA<\/span><\/a><\/div>[\/vc_column][\/vc_row]<\/p>\n<\/div>","protected":false},"excerpt":{"rendered":"<p>[vc_row type=&#8221;vc_default&#8221; margin_top=&#8221;-50&#8243; margin_bottom=&#8221;40&#8243; anchor=&#8221;about&#8221; css=&#8221;.vc_custom_1764933172417{padding-top: 20px !important;padding-bottom: 70px !important;}&#8221;][vc_column width=&#8221;2\/3&#8243; offset=&#8221;vc_col-lg-7 vc_col-md-6 vc_col-xs-12&#8243; css=&#8221;.vc_custom_1671016646600{margin-top: 30px !important;padding-bottom: 20px !important;}&#8221;][\/vc_column][vc_column width=&#8221;1\/3&#8243; offset=&#8221;vc_col-lg-offset-0 vc_col-lg-5 vc_col-md-offset-0 vc_col-md-6 vc_col-sm-offset-2 vc_col-xs-12&#8243; css=&#8221;.vc_custom_1458851220355{padding-top: 20px !important;padding-bottom: 30px&hellip;<\/p>\n","protected":false},"author":1,"featured_media":0,"parent":0,"menu_order":0,"comment_status":"closed","ping_status":"closed","template":"","meta":{"om_disable_all_campaigns":false,"_monsterinsights_skip_tracking":false,"_monsterinsights_sitenote_active":false,"_monsterinsights_sitenote_note":"","_monsterinsights_sitenote_category":0,"_uf_show_specific_survey":0,"_uf_disable_surveys":false,"footnotes":""},"class_list":["post-5670","page","type-page","status-publish","hentry","description-off"],"aioseo_notices":[],"_links":{"self":[{"href":"https:\/\/www.esraitalia.it\/index.php\/wp-json\/wp\/v2\/pages\/5670","targetHints":{"allow":["GET"]}}],"collection":[{"href":"https:\/\/www.esraitalia.it\/index.php\/wp-json\/wp\/v2\/pages"}],"about":[{"href":"https:\/\/www.esraitalia.it\/index.php\/wp-json\/wp\/v2\/types\/page"}],"author":[{"embeddable":true,"href":"https:\/\/www.esraitalia.it\/index.php\/wp-json\/wp\/v2\/users\/1"}],"replies":[{"embeddable":true,"href":"https:\/\/www.esraitalia.it\/index.php\/wp-json\/wp\/v2\/comments?post=5670"}],"version-history":[{"count":8,"href":"https:\/\/www.esraitalia.it\/index.php\/wp-json\/wp\/v2\/pages\/5670\/revisions"}],"predecessor-version":[{"id":5680,"href":"https:\/\/www.esraitalia.it\/index.php\/wp-json\/wp\/v2\/pages\/5670\/revisions\/5680"}],"wp:attachment":[{"href":"https:\/\/www.esraitalia.it\/index.php\/wp-json\/wp\/v2\/media?parent=5670"}],"curies":[{"name":"wp","href":"https:\/\/api.w.org\/{rel}","templated":true}]}}